{"id":173,"date":"2020-06-01T09:01:05","date_gmt":"2020-06-01T09:01:05","guid":{"rendered":"http:\/\/www.t-nieuwe-rierink.nl\/?page_id=173"},"modified":"2020-07-04T17:44:37","modified_gmt":"2020-07-04T17:44:37","slug":"accueil","status":"publish","type":"page","link":"https:\/\/www.t-nieuwe-rierink.nl\/?page_id=173&lang=fr","title":{"rendered":"Page d&#8217;accueil"},"content":{"rendered":"\n<figure class=\"wp-block-embed-youtube wp-block-embed is-type-video is-provider-youtube wp-embed-aspect-16-9 wp-has-aspect-ratio\"><div class=\"wp-block-embed__wrapper\">\n<iframe loading=\"lazy\" title=\"Bed and Breakfast &#039;t Nieuwe Rierink Markelo\" width=\"525\" height=\"295\" src=\"https:\/\/www.youtube.com\/embed\/O7AhHEh1LGU?feature=oembed\" frameborder=\"0\" allow=\"accelerometer; autoplay; clipboard-write; encrypted-media; gyroscope; picture-in-picture; web-share\" referrerpolicy=\"strict-origin-when-cross-origin\" allowfullscreen><\/iframe>\n<\/div><\/figure>\n\n\n\n<p>Bienvenue dans notre bed &#8216;Breakfast.<\/p>\n\n\n\n<p>Vous s\u00e9journerez dans la partie r\u00e9cemment r\u00e9nov\u00e9e et joliment d\u00e9cor\u00e9e de la ferme de Mark et  Merle van de Watering &#8211; van Oosten. La chambre avec salle de bains privative est situ\u00e9e au 1er \u00e9tage, accessible par un escalier en colima\u00e7on. Vous pouvez faire usage de l\u2019espace spacieux au rez-de-chauss\u00e9e, qui est \u00e9quip\u00e9 de tout le confort. Ici aussi, le d\u00e9licieux petit d\u00e9jeuner avec du pain fra\u00eechement cuit, des fruits et divers produits locaux est servi pour vous le matin.<br><\/p>\n\n\n\n<figure class=\"wp-block-image size-large\"><img loading=\"lazy\" decoding=\"async\" width=\"683\" height=\"1024\" src=\"http:\/\/www.t-nieuwe-rierink.nl\/wp-content\/uploads\/2020\/07\/terras-683x1024.jpg\" alt=\"\" class=\"wp-image-250\" srcset=\"https:\/\/www.t-nieuwe-rierink.nl\/wp-content\/uploads\/2020\/07\/terras-683x1024.jpg 683w, https:\/\/www.t-nieuwe-rierink.nl\/wp-content\/uploads\/2020\/07\/terras-200x300.jpg 200w, https:\/\/www.t-nieuwe-rierink.nl\/wp-content\/uploads\/2020\/07\/terras-768x1152.jpg 768w, https:\/\/www.t-nieuwe-rierink.nl\/wp-content\/uploads\/2020\/07\/terras-1024x1536.jpg 1024w, https:\/\/www.t-nieuwe-rierink.nl\/wp-content\/uploads\/2020\/07\/terras.jpg 1365w\" sizes=\"auto, (max-width: 683px) 100vw, 683px\" \/><\/figure>\n\n\n\n<span itemprop=\"description\"> Bed and Breakfast <\/span>\n<div itemscope itemtype=\"&rdquo;http:\/\/schema.org\/Hotel&rdquo;\">\n<span itemprop=\"&rdquo;name&rdquo;\"> &#8217;t Nieuwe Rierink <\/span>\n<link itemprop=\"&rdquo;url&rdquo;\" href=\"&rdquo;http:\/\/www.\" t-nieuwe-rierink.nl \u201c>\n<div itemprop=\"&rdquo;address&rdquo;\" itemscope itemtype=\"&rdquo;http:\/\/schema.org\/PostalAddress&rdquo;\">\n<span itemprop=\"&rdquo;streetAddress&rdquo;\"> Kooidijk 8 <\/span>,\n<span itemprop=\"&rdquo;postalCode&rdquo;\"> 7475PH <\/span>,\n<span itemprop=\"&rdquo;addressLocality&rdquo;\"> Markel<\/span>o\n<span itemprop=\"&rdquo;addressRegion&rdquo;\"> Pays-Bas <\/span>\n<\/div>\nT\u00e9l. : 3<span itemprop=\"&rdquo;telephone&rdquo;\">1 6 26068601<\/span> \n<\/div>\n<\/div>\ncourriel:\n<span itemprop=\"&rdquo;email&rdquo;\"> tnieuwerierink@outlook.com <\/span>\n\n\n\n<p><\/p>\n","protected":false},"excerpt":{"rendered":"<p>Bienvenue dans notre bed &#8216;Breakfast. Vous s\u00e9journerez dans la partie r\u00e9cemment r\u00e9nov\u00e9e et joliment d\u00e9cor\u00e9e de la ferme de Mark et Merle van de Watering &#8211; van Oosten. La chambre avec salle de bains privative est situ\u00e9e au 1er \u00e9tage, accessible par un escalier en colima\u00e7on. Vous pouvez faire usage de l\u2019espace spacieux au rez-de-chauss\u00e9e, &hellip; <\/p>\n<p class=\"link-more\"><a href=\"https:\/\/www.t-nieuwe-rierink.nl\/?page_id=173&#038;lang=fr\" class=\"more-link\">Lees verder <span class=\"screen-reader-text\">&#8220;Page d&#8217;accueil&#8221;<\/span><\/a><\/p>\n","protected":false},"author":1,"featured_media":0,"parent":0,"menu_order":0,"comment_status":"closed","ping_status":"closed","template":"","meta":{"footnotes":""},"class_list":["post-173","page","type-page","status-publish","hentry"],"yoast_head":"<!-- This site is optimized with the Yoast SEO plugin v25.5 - https:\/\/yoast.com\/wordpress\/plugins\/seo\/ -->\n<title>Page d&#039;accueil - &#039;t Nieuwe Rierink<\/title>\n<meta name=\"robots\" content=\"index, follow, max-snippet:-1, max-image-preview:large, max-video-preview:-1\" \/>\n<link rel=\"canonical\" href=\"https:\/\/www.t-nieuwe-rierink.nl\/?page_id=173&lang=fr\" \/>\n<meta property=\"og:locale\" content=\"nl_NL\" \/>\n<meta property=\"og:type\" content=\"article\" \/>\n<meta property=\"og:title\" content=\"Page d&#039;accueil - &#039;t Nieuwe Rierink\" \/>\n<meta property=\"og:description\" content=\"Bienvenue dans notre bed &#8216;Breakfast. Vous s\u00e9journerez dans la partie r\u00e9cemment r\u00e9nov\u00e9e et joliment d\u00e9cor\u00e9e de la ferme de Mark et Merle van de Watering &#8211; van Oosten. La chambre avec salle de bains privative est situ\u00e9e au 1er \u00e9tage, accessible par un escalier en colima\u00e7on. Vous pouvez faire usage de l\u2019espace spacieux au rez-de-chauss\u00e9e, &hellip; Lees verder &quot;Page d&#8217;accueil&quot;\" \/>\n<meta property=\"og:url\" content=\"https:\/\/www.t-nieuwe-rierink.nl\/?page_id=173&amp;lang=fr\" \/>\n<meta property=\"og:site_name\" content=\"&#039;t Nieuwe Rierink\" \/>\n<meta property=\"article:publisher\" content=\"https:\/\/www.facebook.com\/tnieuwerierink\" \/>\n<meta property=\"article:modified_time\" content=\"2020-07-04T17:44:37+00:00\" \/>\n<meta property=\"og:image\" content=\"http:\/\/www.t-nieuwe-rierink.nl\/wp-content\/uploads\/2020\/07\/terras-683x1024.jpg\" \/>\n<meta name=\"twitter:card\" content=\"summary_large_image\" \/>\n<meta name=\"twitter:label1\" content=\"Geschatte leestijd\" \/>\n\t<meta name=\"twitter:data1\" content=\"1 minuut\" \/>\n<script type=\"application\/ld+json\" class=\"yoast-schema-graph\">{\"@context\":\"https:\/\/schema.org\",\"@graph\":[{\"@type\":\"WebPage\",\"@id\":\"https:\/\/www.t-nieuwe-rierink.nl\/?page_id=173&lang=fr\",\"url\":\"https:\/\/www.t-nieuwe-rierink.nl\/?page_id=173&lang=fr\",\"name\":\"Page d'accueil - &#039;t Nieuwe Rierink\",\"isPartOf\":{\"@id\":\"https:\/\/www.t-nieuwe-rierink.nl\/#website\"},\"primaryImageOfPage\":{\"@id\":\"https:\/\/www.t-nieuwe-rierink.nl\/?page_id=173&lang=fr#primaryimage\"},\"image\":{\"@id\":\"https:\/\/www.t-nieuwe-rierink.nl\/?page_id=173&lang=fr#primaryimage\"},\"thumbnailUrl\":\"http:\/\/www.t-nieuwe-rierink.nl\/wp-content\/uploads\/2020\/07\/terras-683x1024.jpg\",\"datePublished\":\"2020-06-01T09:01:05+00:00\",\"dateModified\":\"2020-07-04T17:44:37+00:00\",\"breadcrumb\":{\"@id\":\"https:\/\/www.t-nieuwe-rierink.nl\/?page_id=173&lang=fr#breadcrumb\"},\"inLanguage\":\"nl-NL\",\"potentialAction\":[{\"@type\":\"ReadAction\",\"target\":[\"https:\/\/www.t-nieuwe-rierink.nl\/?page_id=173&lang=fr\"]}]},{\"@type\":\"ImageObject\",\"inLanguage\":\"nl-NL\",\"@id\":\"https:\/\/www.t-nieuwe-rierink.nl\/?page_id=173&lang=fr#primaryimage\",\"url\":\"http:\/\/www.t-nieuwe-rierink.nl\/wp-content\/uploads\/2020\/07\/terras-683x1024.jpg\",\"contentUrl\":\"http:\/\/www.t-nieuwe-rierink.nl\/wp-content\/uploads\/2020\/07\/terras-683x1024.jpg\"},{\"@type\":\"BreadcrumbList\",\"@id\":\"https:\/\/www.t-nieuwe-rierink.nl\/?page_id=173&lang=fr#breadcrumb\",\"itemListElement\":[{\"@type\":\"ListItem\",\"position\":1,\"name\":\"Home\",\"item\":\"https:\/\/www.t-nieuwe-rierink.nl\/\"},{\"@type\":\"ListItem\",\"position\":2,\"name\":\"Page d&rsquo;accueil\"}]},{\"@type\":\"WebSite\",\"@id\":\"https:\/\/www.t-nieuwe-rierink.nl\/#website\",\"url\":\"https:\/\/www.t-nieuwe-rierink.nl\/\",\"name\":\"&#039;t Nieuwe Rierink\",\"description\":\"Bed and Breakfast voor mens &amp; paard\",\"publisher\":{\"@id\":\"https:\/\/www.t-nieuwe-rierink.nl\/#organization\"},\"potentialAction\":[{\"@type\":\"SearchAction\",\"target\":{\"@type\":\"EntryPoint\",\"urlTemplate\":\"https:\/\/www.t-nieuwe-rierink.nl\/?s={search_term_string}\"},\"query-input\":{\"@type\":\"PropertyValueSpecification\",\"valueRequired\":true,\"valueName\":\"search_term_string\"}}],\"inLanguage\":\"nl-NL\"},{\"@type\":\"Organization\",\"@id\":\"https:\/\/www.t-nieuwe-rierink.nl\/#organization\",\"name\":\"'t Nieuwe Rierink\",\"url\":\"https:\/\/www.t-nieuwe-rierink.nl\/\",\"logo\":{\"@type\":\"ImageObject\",\"inLanguage\":\"nl-NL\",\"@id\":\"https:\/\/www.t-nieuwe-rierink.nl\/#\/schema\/logo\/image\/\",\"url\":\"https:\/\/www.t-nieuwe-rierink.nl\/wp-content\/uploads\/2020\/07\/terras.jpg\",\"contentUrl\":\"https:\/\/www.t-nieuwe-rierink.nl\/wp-content\/uploads\/2020\/07\/terras.jpg\",\"width\":1365,\"height\":2048,\"caption\":\"'t Nieuwe Rierink\"},\"image\":{\"@id\":\"https:\/\/www.t-nieuwe-rierink.nl\/#\/schema\/logo\/image\/\"},\"sameAs\":[\"https:\/\/www.facebook.com\/tnieuwerierink\",\"https:\/\/www.instagram.com\/tnieuwerierink\/channel\/?hl=nl\"]}]}<\/script>\n<!-- \/ Yoast SEO plugin. -->","yoast_head_json":{"title":"Page d'accueil - &#039;t Nieuwe Rierink","robots":{"index":"index","follow":"follow","max-snippet":"max-snippet:-1","max-image-preview":"max-image-preview:large","max-video-preview":"max-video-preview:-1"},"canonical":"https:\/\/www.t-nieuwe-rierink.nl\/?page_id=173&lang=fr","og_locale":"nl_NL","og_type":"article","og_title":"Page d'accueil - &#039;t Nieuwe Rierink","og_description":"Bienvenue dans notre bed &#8216;Breakfast. Vous s\u00e9journerez dans la partie r\u00e9cemment r\u00e9nov\u00e9e et joliment d\u00e9cor\u00e9e de la ferme de Mark et Merle van de Watering &#8211; van Oosten. La chambre avec salle de bains privative est situ\u00e9e au 1er \u00e9tage, accessible par un escalier en colima\u00e7on. Vous pouvez faire usage de l\u2019espace spacieux au rez-de-chauss\u00e9e, &hellip; Lees verder \"Page d&#8217;accueil\"","og_url":"https:\/\/www.t-nieuwe-rierink.nl\/?page_id=173&lang=fr","og_site_name":"&#039;t Nieuwe Rierink","article_publisher":"https:\/\/www.facebook.com\/tnieuwerierink","article_modified_time":"2020-07-04T17:44:37+00:00","og_image":[{"url":"http:\/\/www.t-nieuwe-rierink.nl\/wp-content\/uploads\/2020\/07\/terras-683x1024.jpg","type":"","width":"","height":""}],"twitter_card":"summary_large_image","twitter_misc":{"Geschatte leestijd":"1 minuut"},"schema":{"@context":"https:\/\/schema.org","@graph":[{"@type":"WebPage","@id":"https:\/\/www.t-nieuwe-rierink.nl\/?page_id=173&lang=fr","url":"https:\/\/www.t-nieuwe-rierink.nl\/?page_id=173&lang=fr","name":"Page d'accueil - &#039;t Nieuwe Rierink","isPartOf":{"@id":"https:\/\/www.t-nieuwe-rierink.nl\/#website"},"primaryImageOfPage":{"@id":"https:\/\/www.t-nieuwe-rierink.nl\/?page_id=173&lang=fr#primaryimage"},"image":{"@id":"https:\/\/www.t-nieuwe-rierink.nl\/?page_id=173&lang=fr#primaryimage"},"thumbnailUrl":"http:\/\/www.t-nieuwe-rierink.nl\/wp-content\/uploads\/2020\/07\/terras-683x1024.jpg","datePublished":"2020-06-01T09:01:05+00:00","dateModified":"2020-07-04T17:44:37+00:00","breadcrumb":{"@id":"https:\/\/www.t-nieuwe-rierink.nl\/?page_id=173&lang=fr#breadcrumb"},"inLanguage":"nl-NL","potentialAction":[{"@type":"ReadAction","target":["https:\/\/www.t-nieuwe-rierink.nl\/?page_id=173&lang=fr"]}]},{"@type":"ImageObject","inLanguage":"nl-NL","@id":"https:\/\/www.t-nieuwe-rierink.nl\/?page_id=173&lang=fr#primaryimage","url":"http:\/\/www.t-nieuwe-rierink.nl\/wp-content\/uploads\/2020\/07\/terras-683x1024.jpg","contentUrl":"http:\/\/www.t-nieuwe-rierink.nl\/wp-content\/uploads\/2020\/07\/terras-683x1024.jpg"},{"@type":"BreadcrumbList","@id":"https:\/\/www.t-nieuwe-rierink.nl\/?page_id=173&lang=fr#breadcrumb","itemListElement":[{"@type":"ListItem","position":1,"name":"Home","item":"https:\/\/www.t-nieuwe-rierink.nl\/"},{"@type":"ListItem","position":2,"name":"Page d&rsquo;accueil"}]},{"@type":"WebSite","@id":"https:\/\/www.t-nieuwe-rierink.nl\/#website","url":"https:\/\/www.t-nieuwe-rierink.nl\/","name":"&#039;t Nieuwe Rierink","description":"Bed and Breakfast voor mens &amp; paard","publisher":{"@id":"https:\/\/www.t-nieuwe-rierink.nl\/#organization"},"potentialAction":[{"@type":"SearchAction","target":{"@type":"EntryPoint","urlTemplate":"https:\/\/www.t-nieuwe-rierink.nl\/?s={search_term_string}"},"query-input":{"@type":"PropertyValueSpecification","valueRequired":true,"valueName":"search_term_string"}}],"inLanguage":"nl-NL"},{"@type":"Organization","@id":"https:\/\/www.t-nieuwe-rierink.nl\/#organization","name":"'t Nieuwe Rierink","url":"https:\/\/www.t-nieuwe-rierink.nl\/","logo":{"@type":"ImageObject","inLanguage":"nl-NL","@id":"https:\/\/www.t-nieuwe-rierink.nl\/#\/schema\/logo\/image\/","url":"https:\/\/www.t-nieuwe-rierink.nl\/wp-content\/uploads\/2020\/07\/terras.jpg","contentUrl":"https:\/\/www.t-nieuwe-rierink.nl\/wp-content\/uploads\/2020\/07\/terras.jpg","width":1365,"height":2048,"caption":"'t Nieuwe Rierink"},"image":{"@id":"https:\/\/www.t-nieuwe-rierink.nl\/#\/schema\/logo\/image\/"},"sameAs":["https:\/\/www.facebook.com\/tnieuwerierink","https:\/\/www.instagram.com\/tnieuwerierink\/channel\/?hl=nl"]}]}},"_links":{"self":[{"href":"https:\/\/www.t-nieuwe-rierink.nl\/index.php?rest_route=\/wp\/v2\/pages\/173","targetHints":{"allow":["GET"]}}],"collection":[{"href":"https:\/\/www.t-nieuwe-rierink.nl\/index.php?rest_route=\/wp\/v2\/pages"}],"about":[{"href":"https:\/\/www.t-nieuwe-rierink.nl\/index.php?rest_route=\/wp\/v2\/types\/page"}],"author":[{"embeddable":true,"href":"https:\/\/www.t-nieuwe-rierink.nl\/index.php?rest_route=\/wp\/v2\/users\/1"}],"replies":[{"embeddable":true,"href":"https:\/\/www.t-nieuwe-rierink.nl\/index.php?rest_route=%2Fwp%2Fv2%2Fcomments&post=173"}],"version-history":[{"count":8,"href":"https:\/\/www.t-nieuwe-rierink.nl\/index.php?rest_route=\/wp\/v2\/pages\/173\/revisions"}],"predecessor-version":[{"id":295,"href":"https:\/\/www.t-nieuwe-rierink.nl\/index.php?rest_route=\/wp\/v2\/pages\/173\/revisions\/295"}],"wp:attachment":[{"href":"https:\/\/www.t-nieuwe-rierink.nl\/index.php?rest_route=%2Fwp%2Fv2%2Fmedia&parent=173"}],"curies":[{"name":"wp","href":"https:\/\/api.w.org\/{rel}","templated":true}]}}