{"id":176,"date":"2020-05-12T05:27:52","date_gmt":"2020-05-12T05:27:52","guid":{"rendered":"http:\/\/www.t-nieuwe-rierink.nl\/?page_id=100"},"modified":"2020-06-29T16:41:53","modified_gmt":"2020-06-29T16:41:53","slug":"t-new-rierink-tells-2","status":"publish","type":"page","link":"https:\/\/www.t-nieuwe-rierink.nl\/?page_id=176&lang=de","title":{"rendered":"Der neue Rierink erz\u00e4hlt&#8230;"},"content":{"rendered":"\n<p>In den letzten Jahrhunderten ist das Wasser der Bolksbeek und &#8216;Der Schipbeek&#8217; reichlich \u00fcber meine B\u00f6den geflossen. Deiche brachen durch und mehrere Stokkumer starben durch Ertrinken. Deshalb hei\u00dft es hier &#8220;De<em>r Br\u00f3\u00f3k<\/em>&#8220;. Nur wenige wagten es, sich hier, auf dem Kooidijk, niederzulassen. Das war der einzige anst\u00e4ndige Weg, der zum Entenk\u00e4fig f\u00fchrte, der hier \u00fcberleben konnte.&nbsp;<\/p>\n\n\n\n<div class=\"wp-block-media-text alignwide is-stacked-on-mobile is-vertically-aligned-center is-image-fill\" style=\"grid-template-columns:48% auto\"><figure class=\"wp-block-media-text__media\" style=\"background-image:url(http:\/\/www.t-nieuwe-rierink.nl\/wp-content\/uploads\/2020\/05\/Schermafbeelding-2020-05-11-om-11.34.25.png);background-position:50% 50%\"><img loading=\"lazy\" decoding=\"async\" width=\"451\" height=\"514\" src=\"http:\/\/www.t-nieuwe-rierink.nl\/wp-content\/uploads\/2020\/05\/Schermafbeelding-2020-05-11-om-11.34.25.png\" alt=\"Stokkumerbroek um 1700\" class=\"wp-image-106\" srcset=\"https:\/\/www.t-nieuwe-rierink.nl\/wp-content\/uploads\/2020\/05\/Schermafbeelding-2020-05-11-om-11.34.25.png 451w, https:\/\/www.t-nieuwe-rierink.nl\/wp-content\/uploads\/2020\/05\/Schermafbeelding-2020-05-11-om-11.34.25-263x300.png 263w\" sizes=\"auto, (max-width: 451px) 100vw, 451px\" \/><\/figure><div class=\"wp-block-media-text__content\">\n<p class=\"has-small-font-size\"><em>Stokkumerbroek um 1700<\/em><\/p>\n<\/div><\/div>\n\n\n\n<p>Meine ersten Steine wurden 1860 von Jan Hendrik Nijmeyer und Arendina Hesselink gelegt. Viele Freunde und Familie halfen ihnen, ebenso wie ihr neunj\u00e4hriger Sohn William. Als meine Fachwerke und meine ersten Mauern an Ort und Stelle waren, kam die Familie Nijmeyer mit der Pferdekutsche in ihr neues Zuhause.&nbsp;<\/p>\n\n\n\n<p>Der junge William starb im Alter von 26 Jahren, drei Jahre nach dem Tod seines Vaters.&nbsp;Kinderlos zog seine Witwe nach Rijssen und Arendina \u00fcbergab den Hof an ihren Bruder Jan Harmen, um nachfolger auf meinem Grundst\u00fcck zu werden.&nbsp;<\/p>\n\n\n\n<p>Die erste aus einer Reihe von Nachkommen der Familie Hesselink erweiterte mein Land mit Grundst\u00fccken der alten &#8216;Er<em>ve <\/em><em>Rierink&#8217; und<\/em> meine Gr\u00f6\u00dfe wurde mehr als 8 Hektar.&nbsp;Das Pferd in meinem Stall hat deshalb seine harte Arbeit auf meinem Gel\u00e4nde geleistet, umgeben von wundersch\u00f6nen Naturschutzgebieten und mehreren H\u00fcgeln, wie dem &#8220;Herikerberg&#8221; und dem &#8220;Kattenberg&#8221;.&nbsp;<\/p>\n\n\n\n<p>Harte Zeiten plagen mich zu Beginn des letzten Jahrhunderts, die Krise der 1920er Jahre war ausgebrochen und in den umliegenden L\u00e4ndern war es Krieg. Meine Leute wurden immer h\u00e4rter. Der einzige Lichtblick war der Bau des Twente-Kanals, der zu meiner Freude der \u00dcberflutung meiner B\u00f6den ein Ende bereitete.<\/p>\n\n\n\n<figure class=\"wp-block-image size-large\"><img loading=\"lazy\" decoding=\"async\" width=\"460\" height=\"345\" src=\"http:\/\/www.t-nieuwe-rierink.nl\/wp-content\/uploads\/2020\/05\/Afbeelding1.png\" alt=\"\" class=\"wp-image-104\" srcset=\"https:\/\/www.t-nieuwe-rierink.nl\/wp-content\/uploads\/2020\/05\/Afbeelding1.png 460w, https:\/\/www.t-nieuwe-rierink.nl\/wp-content\/uploads\/2020\/05\/Afbeelding1-300x225.png 300w\" sizes=\"auto, (max-width: 460px) 100vw, 460px\" \/><figcaption>Blick auf &#8217;t Nieuwe Rierink von der Wiese<\/figcaption><\/figure>\n\n\n\n<p>In den folgenden Jahrzehnten ging die Behausung meines &#8220;Deel&#8221; (der Stall) von K\u00fchen \u00fcber Schweine bis hin zu Schafen, das Pferd war aufgrund der Zunahme der Mechanisierung aus dem Blickfeld verschwunden und schlechte Jahre f\u00fchrten dazu, dass die abgelegenen L\u00e4ndereien verkauft wurden. Nur ein kleiner zwei Hektar blieb&#8230; und der &#8220;Deel&#8221; war leer.&nbsp;<\/p>\n\n\n\n<p>Niemand in der Familie hat den Hof vom letzten Hesselink \u00fcbernommen, so dass sich 2015 zwei Westler hier niederlassen konnten.&nbsp;<\/p>\n\n\n\n<p>Ich hatte anfangs nicht viel Vertrauen in sie, aber sie waren es, die Wieder Pferde, Hunde und Katzen nahmen, so dass es mehr als nur menschliches Leben gab. Jahr f\u00fcr Jahr arbeiteten sie an meinem Auftritt, wo sie nicht vergisst, Respekt f\u00fcr meine Geschichte und die umliegende Natur zu zeigen.&nbsp;<\/p>\n\n\n\n<div class=\"wp-block-media-text alignwide has-media-on-the-right is-stacked-on-mobile is-vertically-aligned-top\" style=\"grid-template-columns:auto 27%\"><figure class=\"wp-block-media-text__media\"><img loading=\"lazy\" decoding=\"async\" width=\"247\" height=\"331\" src=\"http:\/\/www.t-nieuwe-rierink.nl\/wp-content\/uploads\/2020\/05\/Japie.png\" alt=\"Japie van 't Nieuwe Rierink\" class=\"wp-image-102\" srcset=\"https:\/\/www.t-nieuwe-rierink.nl\/wp-content\/uploads\/2020\/05\/Japie.png 247w, https:\/\/www.t-nieuwe-rierink.nl\/wp-content\/uploads\/2020\/05\/Japie-224x300.png 224w\" sizes=\"auto, (max-width: 247px) 100vw, 247px\" \/><\/figure><div class=\"wp-block-media-text__content\">\n<p class=\"has-text-align-left\">Fast alle Nadelb\u00e4ume sind gegangen, kranke B\u00e4ume wurden gerodet und lokale Pflanzungen in den Boden gelegt. Mein Boden wird immer weiter von dem Abfall gereinigt, der dort oben eingeschlocht war, und der R\u00fcckruf der Pferdehufe erzeugt den Klang des Lebens im Hof. Das Kr\u00e4hen des Hahns macht es komplett, ich f\u00fchle mich wieder Bauernhof.<\/p>\n\n\n\n<p class=\"has-text-align-right has-small-font-size\">Japie van &#8217;t Nieuwe Rierink<\/p>\n<\/div><\/div>\n\n\n\n<p>Statt Vieh bewohnen die G\u00e4ste nun meinen &#8220;Deel&#8221;. Die Ger\u00fcche von frisch gemahlenem Kaffee und frisch gebackenem Brot umgeben meine Kondside und dominieren die der lokalen Produkte, die auf dem Fr\u00fchst\u00fcckstisch serviert werden. Die G\u00e4ste haben den Luxus von viel Platz drinnen und drau\u00dfen, vor allem wegen der sch\u00f6nen Natur, die sie zu Fu\u00df, zu Pferd oder mit dem Fahrrad genie\u00dfen k\u00f6nnen.<\/p>\n\n\n\n<div class=\"wp-block-media-text alignwide is-stacked-on-mobile\"><figure class=\"wp-block-media-text__media\"><img loading=\"lazy\" decoding=\"async\" width=\"1024\" height=\"768\" src=\"http:\/\/www.t-nieuwe-rierink.nl\/wp-content\/uploads\/2020\/02\/20200101_155610-1024x768.jpg\" alt=\"\" class=\"wp-image-22\" srcset=\"https:\/\/www.t-nieuwe-rierink.nl\/wp-content\/uploads\/2020\/02\/20200101_155610-1024x768.jpg 1024w, https:\/\/www.t-nieuwe-rierink.nl\/wp-content\/uploads\/2020\/02\/20200101_155610-300x225.jpg 300w, https:\/\/www.t-nieuwe-rierink.nl\/wp-content\/uploads\/2020\/02\/20200101_155610-768x576.jpg 768w, https:\/\/www.t-nieuwe-rierink.nl\/wp-content\/uploads\/2020\/02\/20200101_155610-1536x1152.jpg 1536w, https:\/\/www.t-nieuwe-rierink.nl\/wp-content\/uploads\/2020\/02\/20200101_155610-2048x1536.jpg 2048w, https:\/\/www.t-nieuwe-rierink.nl\/wp-content\/uploads\/2020\/02\/20200101_155610-1568x1176.jpg 1568w\" sizes=\"auto, (max-width: 767px) 89vw, (max-width: 1000px) 54vw, (max-width: 1071px) 543px, 580px\" \/><\/figure><div class=\"wp-block-media-text__content\">\n<p class=\"has-normal-font-size\">Seien Sie willkommen unter meinem Dach und erleben Sie die Ruhe von &#8216;Stokkumerbroek&#8217;.<\/p>\n<\/div><\/div>\n\n\n\n<p><\/p>\n","protected":false},"excerpt":{"rendered":"<p>In den letzten Jahrhunderten ist das Wasser der Bolksbeek und &#8216;Der Schipbeek&#8217; reichlich \u00fcber meine B\u00f6den geflossen. Deiche brachen durch und mehrere Stokkumer starben durch Ertrinken. Deshalb hei\u00dft es hier &#8220;Der Br\u00f3\u00f3k&#8220;. Nur wenige wagten es, sich hier, auf dem Kooidijk, niederzulassen. Das war der einzige anst\u00e4ndige Weg, der zum Entenk\u00e4fig f\u00fchrte, der hier \u00fcberleben &hellip; <\/p>\n<p class=\"link-more\"><a href=\"https:\/\/www.t-nieuwe-rierink.nl\/?page_id=176&#038;lang=de\" class=\"more-link\">Lees verder <span class=\"screen-reader-text\">&#8220;Der neue Rierink erz\u00e4hlt&#8230;&#8221;<\/span><\/a><\/p>\n","protected":false},"author":1,"featured_media":0,"parent":0,"menu_order":0,"comment_status":"closed","ping_status":"closed","template":"","meta":{"footnotes":""},"class_list":["post-176","page","type-page","status-publish","hentry"],"yoast_head":"<!-- This site is optimized with the Yoast SEO plugin v25.5 - https:\/\/yoast.com\/wordpress\/plugins\/seo\/ -->\n<title>Der neue Rierink erz\u00e4hlt... - &#039;t Nieuwe Rierink<\/title>\n<meta name=\"robots\" content=\"index, follow, max-snippet:-1, max-image-preview:large, max-video-preview:-1\" \/>\n<link rel=\"canonical\" href=\"https:\/\/www.t-nieuwe-rierink.nl\/?page_id=176&lang=de\" \/>\n<meta property=\"og:locale\" content=\"nl_NL\" \/>\n<meta property=\"og:type\" content=\"article\" \/>\n<meta property=\"og:title\" content=\"Der neue Rierink erz\u00e4hlt... - &#039;t Nieuwe Rierink\" \/>\n<meta property=\"og:description\" content=\"In den letzten Jahrhunderten ist das Wasser der Bolksbeek und &#8216;Der Schipbeek&#8217; reichlich \u00fcber meine B\u00f6den geflossen. Deiche brachen durch und mehrere Stokkumer starben durch Ertrinken. Deshalb hei\u00dft es hier &#8220;Der Br\u00f3\u00f3k&#8220;. Nur wenige wagten es, sich hier, auf dem Kooidijk, niederzulassen. Das war der einzige anst\u00e4ndige Weg, der zum Entenk\u00e4fig f\u00fchrte, der hier \u00fcberleben &hellip; Lees verder &quot;Der neue Rierink erz\u00e4hlt&#8230;&quot;\" \/>\n<meta property=\"og:url\" content=\"https:\/\/www.t-nieuwe-rierink.nl\/?page_id=176&amp;lang=de\" \/>\n<meta property=\"og:site_name\" content=\"&#039;t Nieuwe Rierink\" \/>\n<meta property=\"article:publisher\" content=\"https:\/\/www.facebook.com\/tnieuwerierink\" \/>\n<meta property=\"article:modified_time\" content=\"2020-06-29T16:41:53+00:00\" \/>\n<meta property=\"og:image\" content=\"http:\/\/www.t-nieuwe-rierink.nl\/wp-content\/uploads\/2020\/05\/Schermafbeelding-2020-05-11-om-11.34.25.png\" \/>\n<meta name=\"twitter:card\" content=\"summary_large_image\" \/>\n<meta name=\"twitter:label1\" content=\"Geschatte leestijd\" \/>\n\t<meta name=\"twitter:data1\" content=\"3 minuten\" \/>\n<script type=\"application\/ld+json\" class=\"yoast-schema-graph\">{\"@context\":\"https:\/\/schema.org\",\"@graph\":[{\"@type\":\"WebPage\",\"@id\":\"https:\/\/www.t-nieuwe-rierink.nl\/?page_id=176&lang=de\",\"url\":\"https:\/\/www.t-nieuwe-rierink.nl\/?page_id=176&lang=de\",\"name\":\"Der neue Rierink erz\u00e4hlt... - &#039;t Nieuwe Rierink\",\"isPartOf\":{\"@id\":\"https:\/\/www.t-nieuwe-rierink.nl\/#website\"},\"primaryImageOfPage\":{\"@id\":\"https:\/\/www.t-nieuwe-rierink.nl\/?page_id=176&lang=de#primaryimage\"},\"image\":{\"@id\":\"https:\/\/www.t-nieuwe-rierink.nl\/?page_id=176&lang=de#primaryimage\"},\"thumbnailUrl\":\"http:\/\/www.t-nieuwe-rierink.nl\/wp-content\/uploads\/2020\/05\/Schermafbeelding-2020-05-11-om-11.34.25.png\",\"datePublished\":\"2020-05-12T05:27:52+00:00\",\"dateModified\":\"2020-06-29T16:41:53+00:00\",\"breadcrumb\":{\"@id\":\"https:\/\/www.t-nieuwe-rierink.nl\/?page_id=176&lang=de#breadcrumb\"},\"inLanguage\":\"nl-NL\",\"potentialAction\":[{\"@type\":\"ReadAction\",\"target\":[\"https:\/\/www.t-nieuwe-rierink.nl\/?page_id=176&lang=de\"]}]},{\"@type\":\"ImageObject\",\"inLanguage\":\"nl-NL\",\"@id\":\"https:\/\/www.t-nieuwe-rierink.nl\/?page_id=176&lang=de#primaryimage\",\"url\":\"https:\/\/www.t-nieuwe-rierink.nl\/wp-content\/uploads\/2020\/05\/Schermafbeelding-2020-05-11-om-11.34.25.png\",\"contentUrl\":\"https:\/\/www.t-nieuwe-rierink.nl\/wp-content\/uploads\/2020\/05\/Schermafbeelding-2020-05-11-om-11.34.25.png\",\"width\":451,\"height\":514,\"caption\":\"Stokkumerbroek rond 1870\"},{\"@type\":\"BreadcrumbList\",\"@id\":\"https:\/\/www.t-nieuwe-rierink.nl\/?page_id=176&lang=de#breadcrumb\",\"itemListElement\":[{\"@type\":\"ListItem\",\"position\":1,\"name\":\"Home\",\"item\":\"https:\/\/www.t-nieuwe-rierink.nl\/\"},{\"@type\":\"ListItem\",\"position\":2,\"name\":\"Der neue Rierink erz\u00e4hlt&#8230;\"}]},{\"@type\":\"WebSite\",\"@id\":\"https:\/\/www.t-nieuwe-rierink.nl\/#website\",\"url\":\"https:\/\/www.t-nieuwe-rierink.nl\/\",\"name\":\"&#039;t Nieuwe Rierink\",\"description\":\"Bed and Breakfast voor mens &amp; paard\",\"publisher\":{\"@id\":\"https:\/\/www.t-nieuwe-rierink.nl\/#organization\"},\"potentialAction\":[{\"@type\":\"SearchAction\",\"target\":{\"@type\":\"EntryPoint\",\"urlTemplate\":\"https:\/\/www.t-nieuwe-rierink.nl\/?s={search_term_string}\"},\"query-input\":{\"@type\":\"PropertyValueSpecification\",\"valueRequired\":true,\"valueName\":\"search_term_string\"}}],\"inLanguage\":\"nl-NL\"},{\"@type\":\"Organization\",\"@id\":\"https:\/\/www.t-nieuwe-rierink.nl\/#organization\",\"name\":\"'t Nieuwe Rierink\",\"url\":\"https:\/\/www.t-nieuwe-rierink.nl\/\",\"logo\":{\"@type\":\"ImageObject\",\"inLanguage\":\"nl-NL\",\"@id\":\"https:\/\/www.t-nieuwe-rierink.nl\/#\/schema\/logo\/image\/\",\"url\":\"https:\/\/www.t-nieuwe-rierink.nl\/wp-content\/uploads\/2020\/07\/terras.jpg\",\"contentUrl\":\"https:\/\/www.t-nieuwe-rierink.nl\/wp-content\/uploads\/2020\/07\/terras.jpg\",\"width\":1365,\"height\":2048,\"caption\":\"'t Nieuwe Rierink\"},\"image\":{\"@id\":\"https:\/\/www.t-nieuwe-rierink.nl\/#\/schema\/logo\/image\/\"},\"sameAs\":[\"https:\/\/www.facebook.com\/tnieuwerierink\",\"https:\/\/www.instagram.com\/tnieuwerierink\/channel\/?hl=nl\"]}]}<\/script>\n<!-- \/ Yoast SEO plugin. -->","yoast_head_json":{"title":"Der neue Rierink erz\u00e4hlt... - &#039;t Nieuwe Rierink","robots":{"index":"index","follow":"follow","max-snippet":"max-snippet:-1","max-image-preview":"max-image-preview:large","max-video-preview":"max-video-preview:-1"},"canonical":"https:\/\/www.t-nieuwe-rierink.nl\/?page_id=176&lang=de","og_locale":"nl_NL","og_type":"article","og_title":"Der neue Rierink erz\u00e4hlt... - &#039;t Nieuwe Rierink","og_description":"In den letzten Jahrhunderten ist das Wasser der Bolksbeek und &#8216;Der Schipbeek&#8217; reichlich \u00fcber meine B\u00f6den geflossen. Deiche brachen durch und mehrere Stokkumer starben durch Ertrinken. Deshalb hei\u00dft es hier &#8220;Der Br\u00f3\u00f3k&#8220;. Nur wenige wagten es, sich hier, auf dem Kooidijk, niederzulassen. Das war der einzige anst\u00e4ndige Weg, der zum Entenk\u00e4fig f\u00fchrte, der hier \u00fcberleben &hellip; Lees verder \"Der neue Rierink erz\u00e4hlt&#8230;\"","og_url":"https:\/\/www.t-nieuwe-rierink.nl\/?page_id=176&lang=de","og_site_name":"&#039;t Nieuwe Rierink","article_publisher":"https:\/\/www.facebook.com\/tnieuwerierink","article_modified_time":"2020-06-29T16:41:53+00:00","og_image":[{"url":"http:\/\/www.t-nieuwe-rierink.nl\/wp-content\/uploads\/2020\/05\/Schermafbeelding-2020-05-11-om-11.34.25.png","type":"","width":"","height":""}],"twitter_card":"summary_large_image","twitter_misc":{"Geschatte leestijd":"3 minuten"},"schema":{"@context":"https:\/\/schema.org","@graph":[{"@type":"WebPage","@id":"https:\/\/www.t-nieuwe-rierink.nl\/?page_id=176&lang=de","url":"https:\/\/www.t-nieuwe-rierink.nl\/?page_id=176&lang=de","name":"Der neue Rierink erz\u00e4hlt... - &#039;t Nieuwe Rierink","isPartOf":{"@id":"https:\/\/www.t-nieuwe-rierink.nl\/#website"},"primaryImageOfPage":{"@id":"https:\/\/www.t-nieuwe-rierink.nl\/?page_id=176&lang=de#primaryimage"},"image":{"@id":"https:\/\/www.t-nieuwe-rierink.nl\/?page_id=176&lang=de#primaryimage"},"thumbnailUrl":"http:\/\/www.t-nieuwe-rierink.nl\/wp-content\/uploads\/2020\/05\/Schermafbeelding-2020-05-11-om-11.34.25.png","datePublished":"2020-05-12T05:27:52+00:00","dateModified":"2020-06-29T16:41:53+00:00","breadcrumb":{"@id":"https:\/\/www.t-nieuwe-rierink.nl\/?page_id=176&lang=de#breadcrumb"},"inLanguage":"nl-NL","potentialAction":[{"@type":"ReadAction","target":["https:\/\/www.t-nieuwe-rierink.nl\/?page_id=176&lang=de"]}]},{"@type":"ImageObject","inLanguage":"nl-NL","@id":"https:\/\/www.t-nieuwe-rierink.nl\/?page_id=176&lang=de#primaryimage","url":"https:\/\/www.t-nieuwe-rierink.nl\/wp-content\/uploads\/2020\/05\/Schermafbeelding-2020-05-11-om-11.34.25.png","contentUrl":"https:\/\/www.t-nieuwe-rierink.nl\/wp-content\/uploads\/2020\/05\/Schermafbeelding-2020-05-11-om-11.34.25.png","width":451,"height":514,"caption":"Stokkumerbroek rond 1870"},{"@type":"BreadcrumbList","@id":"https:\/\/www.t-nieuwe-rierink.nl\/?page_id=176&lang=de#breadcrumb","itemListElement":[{"@type":"ListItem","position":1,"name":"Home","item":"https:\/\/www.t-nieuwe-rierink.nl\/"},{"@type":"ListItem","position":2,"name":"Der neue Rierink erz\u00e4hlt&#8230;"}]},{"@type":"WebSite","@id":"https:\/\/www.t-nieuwe-rierink.nl\/#website","url":"https:\/\/www.t-nieuwe-rierink.nl\/","name":"&#039;t Nieuwe Rierink","description":"Bed and Breakfast voor mens &amp; paard","publisher":{"@id":"https:\/\/www.t-nieuwe-rierink.nl\/#organization"},"potentialAction":[{"@type":"SearchAction","target":{"@type":"EntryPoint","urlTemplate":"https:\/\/www.t-nieuwe-rierink.nl\/?s={search_term_string}"},"query-input":{"@type":"PropertyValueSpecification","valueRequired":true,"valueName":"search_term_string"}}],"inLanguage":"nl-NL"},{"@type":"Organization","@id":"https:\/\/www.t-nieuwe-rierink.nl\/#organization","name":"'t Nieuwe Rierink","url":"https:\/\/www.t-nieuwe-rierink.nl\/","logo":{"@type":"ImageObject","inLanguage":"nl-NL","@id":"https:\/\/www.t-nieuwe-rierink.nl\/#\/schema\/logo\/image\/","url":"https:\/\/www.t-nieuwe-rierink.nl\/wp-content\/uploads\/2020\/07\/terras.jpg","contentUrl":"https:\/\/www.t-nieuwe-rierink.nl\/wp-content\/uploads\/2020\/07\/terras.jpg","width":1365,"height":2048,"caption":"'t Nieuwe Rierink"},"image":{"@id":"https:\/\/www.t-nieuwe-rierink.nl\/#\/schema\/logo\/image\/"},"sameAs":["https:\/\/www.facebook.com\/tnieuwerierink","https:\/\/www.instagram.com\/tnieuwerierink\/channel\/?hl=nl"]}]}},"_links":{"self":[{"href":"https:\/\/www.t-nieuwe-rierink.nl\/index.php?rest_route=\/wp\/v2\/pages\/176","targetHints":{"allow":["GET"]}}],"collection":[{"href":"https:\/\/www.t-nieuwe-rierink.nl\/index.php?rest_route=\/wp\/v2\/pages"}],"about":[{"href":"https:\/\/www.t-nieuwe-rierink.nl\/index.php?rest_route=\/wp\/v2\/types\/page"}],"author":[{"embeddable":true,"href":"https:\/\/www.t-nieuwe-rierink.nl\/index.php?rest_route=\/wp\/v2\/users\/1"}],"replies":[{"embeddable":true,"href":"https:\/\/www.t-nieuwe-rierink.nl\/index.php?rest_route=%2Fwp%2Fv2%2Fcomments&post=176"}],"version-history":[{"count":3,"href":"https:\/\/www.t-nieuwe-rierink.nl\/index.php?rest_route=\/wp\/v2\/pages\/176\/revisions"}],"predecessor-version":[{"id":234,"href":"https:\/\/www.t-nieuwe-rierink.nl\/index.php?rest_route=\/wp\/v2\/pages\/176\/revisions\/234"}],"wp:attachment":[{"href":"https:\/\/www.t-nieuwe-rierink.nl\/index.php?rest_route=%2Fwp%2Fv2%2Fmedia&parent=176"}],"curies":[{"name":"wp","href":"https:\/\/api.w.org\/{rel}","templated":true}]}}