{"id":214,"date":"2020-05-02T14:07:24","date_gmt":"2020-05-02T14:07:24","guid":{"rendered":"http:\/\/www.t-nieuwe-rierink.nl\/?page_id=88"},"modified":"2020-07-21T16:25:02","modified_gmt":"2020-07-21T16:25:02","slug":"aktuelles","status":"publish","type":"page","link":"https:\/\/www.t-nieuwe-rierink.nl\/?page_id=214&lang=de","title":{"rendered":"Aktuelle Sanien"},"content":{"rendered":"\n<p>&#8220;Coronaproof&#8221; \u00fcber Nacht bei uns, das ist sicher!<\/p>\n\n\n\n<ul class=\"wp-block-list\"><li>Das B&amp;B kann f\u00fcr mindestens 1 Nacht gebucht werden. Zwischen den verschiedenen Buchungen ist ein zus\u00e4tzlicher Tag f\u00fcr die Reinigung geplant.<\/li><li>Buchungen m\u00fcssen im Voraus, per Bank\u00fcberweisung oder per Vor-Ort-\u00dcberweisung bezahlt werden. Dies wurde eingef\u00fchrt, um den Kontakt beim Bezahlen zu minimieren!<\/li><li>Die Kommunikation zwischen Gast und Gastgeberin erfolgt so weit wie m\u00f6glich \u00fcber Anrufe, SMS oder Whatsapp (Nachrichten oder Videoanrufe). Bei Bedarf ist ein pers\u00f6nlicher Kontakt m\u00f6glich, aber jederzeit in Bezug auf die 1,5 Meter.<\/li><li>Klare Erkl\u00e4rungen \u00fcber Ger\u00e4te und &#8220;Was liegt wo?&#8221; gibt es im B&amp;B.<\/li><li>Das Fr\u00fchst\u00fcck wird in \u00fcberleg mit Sie, von der Gastgeberin serviert.  Kaffee und Tee k\u00f6nnen Sie in der Speisekammer machen.<\/li><li>\u00a0Es gibt auch gen\u00fcgend Platz au\u00dferhalb des B&amp;B, um sich frei zu bewegen, ohne Gefahr zu laufen, direkt mit anderen in Kontakt zu kommen.<\/li><li>Der Check-out erfolgt \u00fcber Whatsapp\/sms. Der Schl\u00fcssel kann im Exit-Slot des B&amp;B belassen werden.<\/li><\/ul>\n\n\n\n<p><\/p>\n","protected":false},"excerpt":{"rendered":"<p>&#8220;Coronaproof&#8221; \u00fcber Nacht bei uns, das ist sicher! Das B&amp;B kann f\u00fcr mindestens 1 Nacht gebucht werden. Zwischen den verschiedenen Buchungen ist ein zus\u00e4tzlicher Tag f\u00fcr die Reinigung geplant. Buchungen m\u00fcssen im Voraus, per Bank\u00fcberweisung oder per Vor-Ort-\u00dcberweisung bezahlt werden. Dies wurde eingef\u00fchrt, um den Kontakt beim Bezahlen zu minimieren! Die Kommunikation zwischen Gast und &hellip; <\/p>\n<p class=\"link-more\"><a href=\"https:\/\/www.t-nieuwe-rierink.nl\/?page_id=214&#038;lang=de\" class=\"more-link\">Lees verder <span class=\"screen-reader-text\">&#8220;Aktuelle Sanien&#8221;<\/span><\/a><\/p>\n","protected":false},"author":1,"featured_media":0,"parent":0,"menu_order":0,"comment_status":"closed","ping_status":"closed","template":"","meta":{"footnotes":""},"class_list":["post-214","page","type-page","status-publish","hentry"],"yoast_head":"<!-- This site is optimized with the Yoast SEO plugin v25.5 - https:\/\/yoast.com\/wordpress\/plugins\/seo\/ -->\n<title>Aktuelle Sanien - &#039;t Nieuwe Rierink<\/title>\n<meta name=\"robots\" content=\"index, follow, max-snippet:-1, max-image-preview:large, max-video-preview:-1\" \/>\n<link rel=\"canonical\" href=\"https:\/\/www.t-nieuwe-rierink.nl\/?page_id=214&lang=de\" \/>\n<meta property=\"og:locale\" content=\"nl_NL\" \/>\n<meta property=\"og:type\" content=\"article\" \/>\n<meta property=\"og:title\" content=\"Aktuelle Sanien - &#039;t Nieuwe Rierink\" \/>\n<meta property=\"og:description\" content=\"&#8220;Coronaproof&#8221; \u00fcber Nacht bei uns, das ist sicher! Das B&amp;B kann f\u00fcr mindestens 1 Nacht gebucht werden. Zwischen den verschiedenen Buchungen ist ein zus\u00e4tzlicher Tag f\u00fcr die Reinigung geplant. Buchungen m\u00fcssen im Voraus, per Bank\u00fcberweisung oder per Vor-Ort-\u00dcberweisung bezahlt werden. Dies wurde eingef\u00fchrt, um den Kontakt beim Bezahlen zu minimieren! Die Kommunikation zwischen Gast und &hellip; Lees verder &quot;Aktuelle Sanien&quot;\" \/>\n<meta property=\"og:url\" content=\"https:\/\/www.t-nieuwe-rierink.nl\/?page_id=214&amp;lang=de\" \/>\n<meta property=\"og:site_name\" content=\"&#039;t Nieuwe Rierink\" \/>\n<meta property=\"article:publisher\" content=\"https:\/\/www.facebook.com\/tnieuwerierink\" \/>\n<meta property=\"article:modified_time\" content=\"2020-07-21T16:25:02+00:00\" \/>\n<meta name=\"twitter:card\" content=\"summary_large_image\" \/>\n<meta name=\"twitter:label1\" content=\"Geschatte leestijd\" \/>\n\t<meta name=\"twitter:data1\" content=\"1 minuut\" \/>\n<script type=\"application\/ld+json\" class=\"yoast-schema-graph\">{\"@context\":\"https:\/\/schema.org\",\"@graph\":[{\"@type\":\"WebPage\",\"@id\":\"https:\/\/www.t-nieuwe-rierink.nl\/?page_id=214&lang=de\",\"url\":\"https:\/\/www.t-nieuwe-rierink.nl\/?page_id=214&lang=de\",\"name\":\"Aktuelle Sanien - &#039;t Nieuwe Rierink\",\"isPartOf\":{\"@id\":\"https:\/\/www.t-nieuwe-rierink.nl\/#website\"},\"datePublished\":\"2020-05-02T14:07:24+00:00\",\"dateModified\":\"2020-07-21T16:25:02+00:00\",\"breadcrumb\":{\"@id\":\"https:\/\/www.t-nieuwe-rierink.nl\/?page_id=214&lang=de#breadcrumb\"},\"inLanguage\":\"nl-NL\",\"potentialAction\":[{\"@type\":\"ReadAction\",\"target\":[\"https:\/\/www.t-nieuwe-rierink.nl\/?page_id=214&lang=de\"]}]},{\"@type\":\"BreadcrumbList\",\"@id\":\"https:\/\/www.t-nieuwe-rierink.nl\/?page_id=214&lang=de#breadcrumb\",\"itemListElement\":[{\"@type\":\"ListItem\",\"position\":1,\"name\":\"Home\",\"item\":\"https:\/\/www.t-nieuwe-rierink.nl\/\"},{\"@type\":\"ListItem\",\"position\":2,\"name\":\"Aktuelle Sanien\"}]},{\"@type\":\"WebSite\",\"@id\":\"https:\/\/www.t-nieuwe-rierink.nl\/#website\",\"url\":\"https:\/\/www.t-nieuwe-rierink.nl\/\",\"name\":\"&#039;t Nieuwe Rierink\",\"description\":\"Bed and Breakfast voor mens &amp; paard\",\"publisher\":{\"@id\":\"https:\/\/www.t-nieuwe-rierink.nl\/#organization\"},\"potentialAction\":[{\"@type\":\"SearchAction\",\"target\":{\"@type\":\"EntryPoint\",\"urlTemplate\":\"https:\/\/www.t-nieuwe-rierink.nl\/?s={search_term_string}\"},\"query-input\":{\"@type\":\"PropertyValueSpecification\",\"valueRequired\":true,\"valueName\":\"search_term_string\"}}],\"inLanguage\":\"nl-NL\"},{\"@type\":\"Organization\",\"@id\":\"https:\/\/www.t-nieuwe-rierink.nl\/#organization\",\"name\":\"'t Nieuwe Rierink\",\"url\":\"https:\/\/www.t-nieuwe-rierink.nl\/\",\"logo\":{\"@type\":\"ImageObject\",\"inLanguage\":\"nl-NL\",\"@id\":\"https:\/\/www.t-nieuwe-rierink.nl\/#\/schema\/logo\/image\/\",\"url\":\"https:\/\/www.t-nieuwe-rierink.nl\/wp-content\/uploads\/2020\/07\/terras.jpg\",\"contentUrl\":\"https:\/\/www.t-nieuwe-rierink.nl\/wp-content\/uploads\/2020\/07\/terras.jpg\",\"width\":1365,\"height\":2048,\"caption\":\"'t Nieuwe Rierink\"},\"image\":{\"@id\":\"https:\/\/www.t-nieuwe-rierink.nl\/#\/schema\/logo\/image\/\"},\"sameAs\":[\"https:\/\/www.facebook.com\/tnieuwerierink\",\"https:\/\/www.instagram.com\/tnieuwerierink\/channel\/?hl=nl\"]}]}<\/script>\n<!-- \/ Yoast SEO plugin. -->","yoast_head_json":{"title":"Aktuelle Sanien - &#039;t Nieuwe Rierink","robots":{"index":"index","follow":"follow","max-snippet":"max-snippet:-1","max-image-preview":"max-image-preview:large","max-video-preview":"max-video-preview:-1"},"canonical":"https:\/\/www.t-nieuwe-rierink.nl\/?page_id=214&lang=de","og_locale":"nl_NL","og_type":"article","og_title":"Aktuelle Sanien - &#039;t Nieuwe Rierink","og_description":"&#8220;Coronaproof&#8221; \u00fcber Nacht bei uns, das ist sicher! Das B&amp;B kann f\u00fcr mindestens 1 Nacht gebucht werden. Zwischen den verschiedenen Buchungen ist ein zus\u00e4tzlicher Tag f\u00fcr die Reinigung geplant. Buchungen m\u00fcssen im Voraus, per Bank\u00fcberweisung oder per Vor-Ort-\u00dcberweisung bezahlt werden. Dies wurde eingef\u00fchrt, um den Kontakt beim Bezahlen zu minimieren! Die Kommunikation zwischen Gast und &hellip; Lees verder \"Aktuelle Sanien\"","og_url":"https:\/\/www.t-nieuwe-rierink.nl\/?page_id=214&lang=de","og_site_name":"&#039;t Nieuwe Rierink","article_publisher":"https:\/\/www.facebook.com\/tnieuwerierink","article_modified_time":"2020-07-21T16:25:02+00:00","twitter_card":"summary_large_image","twitter_misc":{"Geschatte leestijd":"1 minuut"},"schema":{"@context":"https:\/\/schema.org","@graph":[{"@type":"WebPage","@id":"https:\/\/www.t-nieuwe-rierink.nl\/?page_id=214&lang=de","url":"https:\/\/www.t-nieuwe-rierink.nl\/?page_id=214&lang=de","name":"Aktuelle Sanien - &#039;t Nieuwe Rierink","isPartOf":{"@id":"https:\/\/www.t-nieuwe-rierink.nl\/#website"},"datePublished":"2020-05-02T14:07:24+00:00","dateModified":"2020-07-21T16:25:02+00:00","breadcrumb":{"@id":"https:\/\/www.t-nieuwe-rierink.nl\/?page_id=214&lang=de#breadcrumb"},"inLanguage":"nl-NL","potentialAction":[{"@type":"ReadAction","target":["https:\/\/www.t-nieuwe-rierink.nl\/?page_id=214&lang=de"]}]},{"@type":"BreadcrumbList","@id":"https:\/\/www.t-nieuwe-rierink.nl\/?page_id=214&lang=de#breadcrumb","itemListElement":[{"@type":"ListItem","position":1,"name":"Home","item":"https:\/\/www.t-nieuwe-rierink.nl\/"},{"@type":"ListItem","position":2,"name":"Aktuelle Sanien"}]},{"@type":"WebSite","@id":"https:\/\/www.t-nieuwe-rierink.nl\/#website","url":"https:\/\/www.t-nieuwe-rierink.nl\/","name":"&#039;t Nieuwe Rierink","description":"Bed and Breakfast voor mens &amp; paard","publisher":{"@id":"https:\/\/www.t-nieuwe-rierink.nl\/#organization"},"potentialAction":[{"@type":"SearchAction","target":{"@type":"EntryPoint","urlTemplate":"https:\/\/www.t-nieuwe-rierink.nl\/?s={search_term_string}"},"query-input":{"@type":"PropertyValueSpecification","valueRequired":true,"valueName":"search_term_string"}}],"inLanguage":"nl-NL"},{"@type":"Organization","@id":"https:\/\/www.t-nieuwe-rierink.nl\/#organization","name":"'t Nieuwe Rierink","url":"https:\/\/www.t-nieuwe-rierink.nl\/","logo":{"@type":"ImageObject","inLanguage":"nl-NL","@id":"https:\/\/www.t-nieuwe-rierink.nl\/#\/schema\/logo\/image\/","url":"https:\/\/www.t-nieuwe-rierink.nl\/wp-content\/uploads\/2020\/07\/terras.jpg","contentUrl":"https:\/\/www.t-nieuwe-rierink.nl\/wp-content\/uploads\/2020\/07\/terras.jpg","width":1365,"height":2048,"caption":"'t Nieuwe Rierink"},"image":{"@id":"https:\/\/www.t-nieuwe-rierink.nl\/#\/schema\/logo\/image\/"},"sameAs":["https:\/\/www.facebook.com\/tnieuwerierink","https:\/\/www.instagram.com\/tnieuwerierink\/channel\/?hl=nl"]}]}},"_links":{"self":[{"href":"https:\/\/www.t-nieuwe-rierink.nl\/index.php?rest_route=\/wp\/v2\/pages\/214","targetHints":{"allow":["GET"]}}],"collection":[{"href":"https:\/\/www.t-nieuwe-rierink.nl\/index.php?rest_route=\/wp\/v2\/pages"}],"about":[{"href":"https:\/\/www.t-nieuwe-rierink.nl\/index.php?rest_route=\/wp\/v2\/types\/page"}],"author":[{"embeddable":true,"href":"https:\/\/www.t-nieuwe-rierink.nl\/index.php?rest_route=\/wp\/v2\/users\/1"}],"replies":[{"embeddable":true,"href":"https:\/\/www.t-nieuwe-rierink.nl\/index.php?rest_route=%2Fwp%2Fv2%2Fcomments&post=214"}],"version-history":[{"count":3,"href":"https:\/\/www.t-nieuwe-rierink.nl\/index.php?rest_route=\/wp\/v2\/pages\/214\/revisions"}],"predecessor-version":[{"id":306,"href":"https:\/\/www.t-nieuwe-rierink.nl\/index.php?rest_route=\/wp\/v2\/pages\/214\/revisions\/306"}],"wp:attachment":[{"href":"https:\/\/www.t-nieuwe-rierink.nl\/index.php?rest_route=%2Fwp%2Fv2%2Fmedia&parent=214"}],"curies":[{"name":"wp","href":"https:\/\/api.w.org\/{rel}","templated":true}]}}